{"id":1038,"date":"2022-11-12T15:58:23","date_gmt":"2022-11-12T15:58:23","guid":{"rendered":"https:\/\/by-babo.com\/?page_id=1038"},"modified":"2022-11-12T15:58:26","modified_gmt":"2022-11-12T15:58:26","slug":"red-3","status":"publish","type":"page","link":"https:\/\/by-babo.com\/?page_id=1038","title":{"rendered":"RED"},"content":{"rendered":"\n<pre class=\"wp-block-preformatted has-black-color has-text-color has-background has-large-font-size\" style=\"background-color:#ad1a1a;text-transform:uppercase\">A BY:BABO RED A SAJ\u00c1T TERVEZ\u00c9S\u0170 RUHAMODELLEINK, \u00c9S D\u00cdSZT\u00c1RGYAINK GY\u0170JT\u0150HELYE.\r\n\r\nSAJNOS OLDALUNK EZEN R\u00c9SZE M\u00c9G NEM \u00c1LL K\u00c9SZEN A NYILV\u00c1NOSS\u00c1G SZ\u00c1M\u00c1RA, DE JAVASOLJUK, HOGY TARTSD SZEMMEL,\r\nHA \u00c9RDEKEL, HOGY MIVEL RUKKOLUNK EL\u0150.<\/pre>\n","protected":false},"excerpt":{"rendered":"<p>A BY:BABO RED A SAJ\u00c1T TERVEZ\u00c9S\u0170 RUHAMODELLEINK, \u00c9S D\u00cdSZT\u00c1RGYAINK GY\u0170JT\u0150HELYE. SAJNOS OLDALUNK EZEN R\u00c9SZE M\u00c9G NEM \u00c1LL K\u00c9SZEN A NYILV\u00c1NOSS\u00c1G SZ\u00c1M\u00c1RA, DE JAVASOLJUK, HOGY TARTSD SZEMMEL, HA \u00c9RDEKEL, HOGY MIVEL RUKKOLUNK EL\u0150.<\/p>\n","protected":false},"author":1,"featured_media":732,"parent":0,"menu_order":0,"comment_status":"closed","ping_status":"closed","template":"page-templates\/template-fullwidth.php","meta":{"advanced_seo_description":"","jetpack_seo_html_title":"","jetpack_seo_noindex":false,"footnotes":""},"class_list":["post-1038","page","type-page","status-publish","has-post-thumbnail","hentry"],"jetpack_sharing_enabled":true,"_links":{"self":[{"href":"https:\/\/by-babo.com\/index.php?rest_route=\/wp\/v2\/pages\/1038","targetHints":{"allow":["GET"]}}],"collection":[{"href":"https:\/\/by-babo.com\/index.php?rest_route=\/wp\/v2\/pages"}],"about":[{"href":"https:\/\/by-babo.com\/index.php?rest_route=\/wp\/v2\/types\/page"}],"author":[{"embeddable":true,"href":"https:\/\/by-babo.com\/index.php?rest_route=\/wp\/v2\/users\/1"}],"replies":[{"embeddable":true,"href":"https:\/\/by-babo.com\/index.php?rest_route=%2Fwp%2Fv2%2Fcomments&post=1038"}],"version-history":[{"count":1,"href":"https:\/\/by-babo.com\/index.php?rest_route=\/wp\/v2\/pages\/1038\/revisions"}],"predecessor-version":[{"id":1039,"href":"https:\/\/by-babo.com\/index.php?rest_route=\/wp\/v2\/pages\/1038\/revisions\/1039"}],"wp:featuredmedia":[{"embeddable":true,"href":"https:\/\/by-babo.com\/index.php?rest_route=\/wp\/v2\/media\/732"}],"wp:attachment":[{"href":"https:\/\/by-babo.com\/index.php?rest_route=%2Fwp%2Fv2%2Fmedia&parent=1038"}],"curies":[{"name":"wp","href":"https:\/\/api.w.org\/{rel}","templated":true}]}}