{"id":1044,"date":"2022-11-12T16:11:27","date_gmt":"2022-11-12T16:11:27","guid":{"rendered":"https:\/\/by-babo.com\/?page_id=1044"},"modified":"2022-11-12T16:14:33","modified_gmt":"2022-11-12T16:14:33","slug":"lego-3","status":"publish","type":"page","link":"https:\/\/by-babo.com\/?page_id=1044","title":{"rendered":"LEGO"},"content":{"rendered":"\n<div class=\"wp-block-themeisle-blocks-advanced-columns has-2-columns has-desktop-equal-layout has-tablet-equal-layout has-mobile-collapsedRows-layout has-default-gap has-vertical-flex-start\" id=\"wp-block-themeisle-blocks-advanced-columns-9129c07f\"><div class=\"wp-block-themeisle-blocks-advanced-columns-overlay\"><\/div><div class=\"innerblocks-wrap\">\n<div class=\"wp-block-themeisle-blocks-advanced-column\" id=\"wp-block-themeisle-blocks-advanced-column-adc3cbf0\">\n<div class=\"alignwide\">[metaslider id=394 cssclass=&#8221;&#8221;]<\/div>\n<\/div>\n\n\n\n<div class=\"wp-block-themeisle-blocks-advanced-column\" id=\"wp-block-themeisle-blocks-advanced-column-f5a193fa\">\n<h1 class=\"wp-block-heading\">Lego<\/h1>\n\n\n\n<p class=\"has-black-color has-text-color\" id=\"tw-target-text\"><strong>Lego war schon immer ein Teil meines Lebens, und aus irgendeinem Grund hat meine Leidenschaft daf\u00fcr nie aufgeh\u00f6rt. Und vor ein paar Jahren habe ich nicht nur aus Spa\u00df an der Freude, sondern auch als Macher angefangen, meine eigenen Sets zu entwerfen. Vor allem solche, die die offizielle Legogruppe aus irgendeinem Grund nicht herausbringen wollte. Mit gro\u00dfer Begeisterung und Leidenschaft entwerfe ich fast alles, was mir Spa\u00df macht (Technic steht nicht auf der Seite) und ich hoffe, dass ich in Zukunft mit einem erfolgreichen Ideas set aufwarten kann.<\/strong><\/p>\n<\/div>\n<\/div><\/div>\n\n\n\n<div class=\"wp-block-group\"><div class=\"wp-block-group__inner-container is-layout-flow wp-block-group-is-layout-flow\">\n<div class=\"wp-block-columns alignwide is-layout-flex wp-container-core-columns-is-layout-28f84493 wp-block-columns-is-layout-flex\">\n<div class=\"wp-block-column is-layout-flow wp-block-column-is-layout-flow\" style=\"flex-basis:100%\">\n<div class=\"wp-block-columns is-layout-flex wp-container-core-columns-is-layout-28f84493 wp-block-columns-is-layout-flex\">\n<div class=\"wp-block-column is-layout-flow wp-block-column-is-layout-flow\" style=\"flex-basis:100%\">\n<div class=\"wp-block-columns is-layout-flex wp-container-core-columns-is-layout-28f84493 wp-block-columns-is-layout-flex\">\n<div class=\"wp-block-column is-layout-flow wp-block-column-is-layout-flow\" style=\"flex-basis:66.66%\">\n<figure class=\"wp-block-gallery has-nested-images columns-default is-cropped wp-block-gallery-1 is-layout-flex wp-block-gallery-is-layout-flex\">\n<figure class=\"wp-block-image size-large\"><img loading=\"lazy\" decoding=\"async\" width=\"1024\" height=\"576\" data-id=\"927\" src=\"https:\/\/by-babo.com\/wp-content\/uploads\/2022\/07\/biohotel_04_48_45_Copy-4-1024x576.png\" alt=\"\" class=\"wp-image-927\" srcset=\"https:\/\/by-babo.com\/wp-content\/uploads\/2022\/07\/biohotel_04_48_45_Copy-4-1024x576.png 1024w, https:\/\/by-babo.com\/wp-content\/uploads\/2022\/07\/biohotel_04_48_45_Copy-4-300x169.png 300w, https:\/\/by-babo.com\/wp-content\/uploads\/2022\/07\/biohotel_04_48_45_Copy-4-768x432.png 768w, https:\/\/by-babo.com\/wp-content\/uploads\/2022\/07\/biohotel_04_48_45_Copy-4-1536x864.png 1536w, https:\/\/by-babo.com\/wp-content\/uploads\/2022\/07\/biohotel_04_48_45_Copy-4-600x338.png 600w, https:\/\/by-babo.com\/wp-content\/uploads\/2022\/07\/biohotel_04_48_45_Copy-4-107x60.png 107w, https:\/\/by-babo.com\/wp-content\/uploads\/2022\/07\/biohotel_04_48_45_Copy-4-160x90.png 160w, https:\/\/by-babo.com\/wp-content\/uploads\/2022\/07\/biohotel_04_48_45_Copy-4.png 1920w\" sizes=\"auto, (max-width: 1024px) 100vw, 1024px\" \/><\/figure>\n<\/figure>\n<\/div>\n\n\n\n<div class=\"wp-block-column is-layout-flow wp-block-column-is-layout-flow\" style=\"flex-basis:33.33%\">\n<p><\/p>\n\n\n\n<p>Das 1:1 Lego-Modell des Flachauerhofs in Flachau, \u00d6sterreich, wurde auf Bestellung des Besitzers des Hotels angefertigt. Das Modell besteht aus 1946 Elementen und ist eine originalgetreue Nachbildung des Hotels, Inneneinrichtung nicht gebaut, aber das Hotel hat einige parkende Autos und einen Pistonbully. Der Entwurf dauerte etwa 1 Woche und der Bau einen langen Nachmittag.<\/p>\n<\/div>\n<\/div>\n<\/div>\n<\/div>\n<\/div>\n<\/div>\n<\/div><\/div>\n\n\n\n<div class=\"wp-block-columns alignwide is-layout-flex wp-container-core-columns-is-layout-28f84493 wp-block-columns-is-layout-flex\">\n<div class=\"wp-block-column is-layout-flow wp-block-column-is-layout-flow\" style=\"flex-basis:33.33%\">\n<p><\/p>\n\n\n\n<p>Das Modell der Bratlalm, eines beliebten Restaurants in Wenigzell, ebenfalls in \u00d6sterreich, wurde speziell angefertigt.<\/p>\n\n\n\n<p>Ich hatte sogar die Hilfe einer Drohne, um das Geb\u00e4ude zu beobachten, so dass ich es noch genauer nachbilden konnte. Das Modell besteht aus 1667 Elementen und verwendet genau ein 32&#215;32-Element als Basis. Das Set wurde im Restaurant ausgestellt<\/p>\n<\/div>\n\n\n\n<div class=\"wp-block-column is-vertically-aligned-center is-layout-flow wp-block-column-is-layout-flow\" style=\"flex-basis:66.66%\">\n<figure class=\"wp-block-jetpack-image-compare\"><div class=\"juxtapose\" data-mode=\"horizontal\"><img loading=\"lazy\" decoding=\"async\" id=\"938\" src=\"https:\/\/by-babo.com\/wp-content\/uploads\/2022\/07\/alm_lightbraun-1.png\" alt=\"\" width=\"2048\" height=\"1536\" class=\"image-compare__image-before\"\/><img loading=\"lazy\" decoding=\"async\" id=\"939\" src=\"https:\/\/by-babo.com\/wp-content\/uploads\/2022\/07\/PXL_20211210_075430310-scaled.jpg\" alt=\"\" width=\"2560\" height=\"1928\" class=\"image-compare__image-after\"\/><\/div><\/figure>\n<\/div>\n<\/div>\n\n\n\n<div class=\"wp-block-columns alignwide is-layout-flex wp-container-core-columns-is-layout-28f84493 wp-block-columns-is-layout-flex\">\n<div class=\"wp-block-column is-layout-flow wp-block-column-is-layout-flow\" style=\"flex-basis:66.66%\">\n<figure class=\"wp-block-gallery has-nested-images columns-default is-cropped wp-block-gallery-2 is-layout-flex wp-block-gallery-is-layout-flex\">\n<figure class=\"wp-block-image size-large\"><img loading=\"lazy\" decoding=\"async\" width=\"1024\" height=\"516\" data-id=\"930\" src=\"https:\/\/by-babo.com\/wp-content\/uploads\/2022\/07\/ali-1024x516.jpg\" alt=\"\" class=\"wp-image-930\" srcset=\"https:\/\/by-babo.com\/wp-content\/uploads\/2022\/07\/ali-1024x516.jpg 1024w, https:\/\/by-babo.com\/wp-content\/uploads\/2022\/07\/ali-300x151.jpg 300w, https:\/\/by-babo.com\/wp-content\/uploads\/2022\/07\/ali-768x387.jpg 768w, https:\/\/by-babo.com\/wp-content\/uploads\/2022\/07\/ali-600x302.jpg 600w, https:\/\/by-babo.com\/wp-content\/uploads\/2022\/07\/ali-119x60.jpg 119w, https:\/\/by-babo.com\/wp-content\/uploads\/2022\/07\/ali-179x90.jpg 179w, https:\/\/by-babo.com\/wp-content\/uploads\/2022\/07\/ali.jpg 1493w\" sizes=\"auto, (max-width: 1024px) 100vw, 1024px\" \/><\/figure>\n<\/figure>\n<\/div>\n\n\n\n<div class=\"wp-block-column is-layout-flow wp-block-column-is-layout-flow\" style=\"flex-basis:33.33%\">\n<p><\/p>\n\n\n\n<p>Neulich war ich auf einer Website namens Aliexpress unterwegs und habe etwas Interessantes entdeckt.<\/p>\n\n\n\n<p>Ein Lego-Modell, das ich selbst entworfen hatte, wurde von mehreren Verk\u00e4ufern in China verkauft. Ich h\u00e4tte nie gedacht, dass eines Tages ein St\u00fcck meiner Arbeit auf Aliexpress landen w\u00fcrde. Obwohl ich mich ein wenig geehrt f\u00fchle, dass ich mit 19 Jahren so weit gekommen bin, dass sie mein eigenes Produkt in China produzieren. Wenigstens h\u00e4tten sie mir ein wenig Kredit geben k\u00f6nnen\u2026.<\/p>\n\n\n\n<p><\/p>\n<\/div>\n<\/div>\n\n\n\n<div class=\"wp-block-columns alignwide is-layout-flex wp-container-core-columns-is-layout-28f84493 wp-block-columns-is-layout-flex\">\n<div class=\"wp-block-column is-layout-flow wp-block-column-is-layout-flow\" style=\"flex-basis:33.33%\">\n<p><\/p>\n\n\n\n<p>Der Lew MXA ist wahrscheinlich nur f\u00fcr Ungarn von Interesse, da er eines der kultigsten \u00f6ffentlichen Verkehrsmittel in Budapest ist. Ich habe das Modell als exakte Kopie des echten Modells gebaut, weshalb es in der Realit\u00e4t nicht gebaut werden kann, sondern nur virtuell existiert, da einige Elemente nicht in der gew\u00fcnschten Farbe erh\u00e4ltlich sind. Auf jeden Fall hat es Spa\u00df gemacht, es zu bauen und mit der Idee zu spielen, wie eine Lego H\u00e9v (Vorortbahn) aussehen k\u00f6nnte.<\/p>\n<\/div>\n\n\n\n<div class=\"wp-block-column is-layout-flow wp-block-column-is-layout-flow\" style=\"flex-basis:66.66%\">\n<div class=\"wp-block-jetpack-slideshow aligncenter\" data-effect=\"fade\"><div class=\"wp-block-jetpack-slideshow_container swiper-container\"><ul class=\"wp-block-jetpack-slideshow_swiper-wrapper swiper-wrapper\"><li class=\"wp-block-jetpack-slideshow_slide swiper-slide\"><figure><img loading=\"lazy\" decoding=\"async\" width=\"1024\" height=\"1024\" alt=\"\" class=\"wp-block-jetpack-slideshow_image wp-image-942\" data-id=\"942\" src=\"https:\/\/by-babo.com\/wp-content\/uploads\/2022\/07\/lew-mxa-1-1024x1024.jpg\" srcset=\"https:\/\/by-babo.com\/wp-content\/uploads\/2022\/07\/lew-mxa-1-1024x1024.jpg 1024w, https:\/\/by-babo.com\/wp-content\/uploads\/2022\/07\/lew-mxa-1-300x300.jpg 300w, https:\/\/by-babo.com\/wp-content\/uploads\/2022\/07\/lew-mxa-1-150x150.jpg 150w, https:\/\/by-babo.com\/wp-content\/uploads\/2022\/07\/lew-mxa-1-768x768.jpg 768w, https:\/\/by-babo.com\/wp-content\/uploads\/2022\/07\/lew-mxa-1-460x460.jpg 460w, https:\/\/by-babo.com\/wp-content\/uploads\/2022\/07\/lew-mxa-1-230x230.jpg 230w, https:\/\/by-babo.com\/wp-content\/uploads\/2022\/07\/lew-mxa-1-600x600.jpg 600w, https:\/\/by-babo.com\/wp-content\/uploads\/2022\/07\/lew-mxa-1-160x160.jpg 160w, https:\/\/by-babo.com\/wp-content\/uploads\/2022\/07\/lew-mxa-1-60x60.jpg 60w, https:\/\/by-babo.com\/wp-content\/uploads\/2022\/07\/lew-mxa-1-90x90.jpg 90w, https:\/\/by-babo.com\/wp-content\/uploads\/2022\/07\/lew-mxa-1.jpg 1080w\" sizes=\"auto, (max-width: 1024px) 100vw, 1024px\" \/><\/figure><\/li><li class=\"wp-block-jetpack-slideshow_slide swiper-slide\"><figure><img loading=\"lazy\" decoding=\"async\" width=\"1024\" height=\"1012\" alt=\"\" class=\"wp-block-jetpack-slideshow_image wp-image-943\" data-id=\"943\" src=\"https:\/\/by-babo.com\/wp-content\/uploads\/2022\/07\/Screenshot_20210218-105613_Instagram-1024x1012.jpg\" srcset=\"https:\/\/by-babo.com\/wp-content\/uploads\/2022\/07\/Screenshot_20210218-105613_Instagram-1024x1012.jpg 1024w, https:\/\/by-babo.com\/wp-content\/uploads\/2022\/07\/Screenshot_20210218-105613_Instagram-300x296.jpg 300w, https:\/\/by-babo.com\/wp-content\/uploads\/2022\/07\/Screenshot_20210218-105613_Instagram-768x759.jpg 768w, https:\/\/by-babo.com\/wp-content\/uploads\/2022\/07\/Screenshot_20210218-105613_Instagram-600x593.jpg 600w, https:\/\/by-babo.com\/wp-content\/uploads\/2022\/07\/Screenshot_20210218-105613_Instagram-61x60.jpg 61w, https:\/\/by-babo.com\/wp-content\/uploads\/2022\/07\/Screenshot_20210218-105613_Instagram-91x90.jpg 91w, https:\/\/by-babo.com\/wp-content\/uploads\/2022\/07\/Screenshot_20210218-105613_Instagram.jpg 1080w\" sizes=\"auto, (max-width: 1024px) 100vw, 1024px\" \/><\/figure><\/li><li class=\"wp-block-jetpack-slideshow_slide swiper-slide\"><figure><img loading=\"lazy\" decoding=\"async\" width=\"1024\" height=\"1015\" alt=\"\" class=\"wp-block-jetpack-slideshow_image wp-image-944\" data-id=\"944\" src=\"https:\/\/by-babo.com\/wp-content\/uploads\/2022\/07\/Screenshot_20210218-184640_Instagram-1024x1015.jpg\" srcset=\"https:\/\/by-babo.com\/wp-content\/uploads\/2022\/07\/Screenshot_20210218-184640_Instagram-1024x1015.jpg 1024w, https:\/\/by-babo.com\/wp-content\/uploads\/2022\/07\/Screenshot_20210218-184640_Instagram-300x298.jpg 300w, https:\/\/by-babo.com\/wp-content\/uploads\/2022\/07\/Screenshot_20210218-184640_Instagram-150x150.jpg 150w, https:\/\/by-babo.com\/wp-content\/uploads\/2022\/07\/Screenshot_20210218-184640_Instagram-768x762.jpg 768w, https:\/\/by-babo.com\/wp-content\/uploads\/2022\/07\/Screenshot_20210218-184640_Instagram-600x595.jpg 600w, https:\/\/by-babo.com\/wp-content\/uploads\/2022\/07\/Screenshot_20210218-184640_Instagram-160x160.jpg 160w, https:\/\/by-babo.com\/wp-content\/uploads\/2022\/07\/Screenshot_20210218-184640_Instagram-61x60.jpg 61w, https:\/\/by-babo.com\/wp-content\/uploads\/2022\/07\/Screenshot_20210218-184640_Instagram-91x90.jpg 91w, https:\/\/by-babo.com\/wp-content\/uploads\/2022\/07\/Screenshot_20210218-184640_Instagram.jpg 1080w\" sizes=\"auto, (max-width: 1024px) 100vw, 1024px\" \/><\/figure><\/li><\/ul><a class=\"wp-block-jetpack-slideshow_button-prev swiper-button-prev swiper-button-white\" role=\"button\"><\/a><a class=\"wp-block-jetpack-slideshow_button-next swiper-button-next swiper-button-white\" role=\"button\"><\/a><a aria-label=\"Pause Slideshow\" class=\"wp-block-jetpack-slideshow_button-pause\" role=\"button\"><\/a><div class=\"wp-block-jetpack-slideshow_pagination swiper-pagination swiper-pagination-white\"><\/div><\/div><\/div>\n<\/div>\n<\/div>\n","protected":false},"excerpt":{"rendered":"<p>Das 1:1 Lego-Modell des Flachauerhofs in Flachau, \u00d6sterreich, wurde auf Bestellung des Besitzers des Hotels angefertigt. Das Modell besteht aus 1946 Elementen und ist eine originalgetreue Nachbildung des Hotels, Inneneinrichtung nicht gebaut, aber das Hotel hat einige parkende Autos und einen Pistonbully. Der Entwurf dauerte etwa 1 Woche und der [&hellip;]<\/p>\n","protected":false},"author":1,"featured_media":58,"parent":0,"menu_order":0,"comment_status":"open","ping_status":"closed","template":"","meta":{"advanced_seo_description":"","jetpack_seo_html_title":"","jetpack_seo_noindex":false,"footnotes":""},"class_list":["post-1044","page","type-page","status-publish","has-post-thumbnail","hentry"],"jetpack_sharing_enabled":true,"_links":{"self":[{"href":"https:\/\/by-babo.com\/index.php?rest_route=\/wp\/v2\/pages\/1044","targetHints":{"allow":["GET"]}}],"collection":[{"href":"https:\/\/by-babo.com\/index.php?rest_route=\/wp\/v2\/pages"}],"about":[{"href":"https:\/\/by-babo.com\/index.php?rest_route=\/wp\/v2\/types\/page"}],"author":[{"embeddable":true,"href":"https:\/\/by-babo.com\/index.php?rest_route=\/wp\/v2\/users\/1"}],"replies":[{"embeddable":true,"href":"https:\/\/by-babo.com\/index.php?rest_route=%2Fwp%2Fv2%2Fcomments&post=1044"}],"version-history":[{"count":2,"href":"https:\/\/by-babo.com\/index.php?rest_route=\/wp\/v2\/pages\/1044\/revisions"}],"predecessor-version":[{"id":1048,"href":"https:\/\/by-babo.com\/index.php?rest_route=\/wp\/v2\/pages\/1044\/revisions\/1048"}],"wp:featuredmedia":[{"embeddable":true,"href":"https:\/\/by-babo.com\/index.php?rest_route=\/wp\/v2\/media\/58"}],"wp:attachment":[{"href":"https:\/\/by-babo.com\/index.php?rest_route=%2Fwp%2Fv2%2Fmedia&parent=1044"}],"curies":[{"name":"wp","href":"https:\/\/api.w.org\/{rel}","templated":true}]}}